{"id":1137,"date":"2023-09-25T06:01:21","date_gmt":"2023-09-25T06:01:21","guid":{"rendered":"https:\/\/cde-dev.cde.africa\/?page_id=1137"},"modified":"2024-05-30T15:45:13","modified_gmt":"2024-05-30T15:45:13","slug":"cde-societe-panafricaine","status":"publish","type":"page","link":"https:\/\/staging.cde.africa\/en\/cde-societe-panafricaine\/","title":{"rendered":"CDE Pan-African Society"},"content":{"rendered":"<div data-elementor-type=\"wp-page\" data-elementor-id=\"1137\" class=\"elementor elementor-1137\" data-elementor-post-type=\"page\">\n\t\t\t\t\t\t<section class=\"elementor-section elementor-top-section elementor-element elementor-element-0a10dfd elementor-section-boxed elementor-section-height-default elementor-section-height-default\" data-id=\"0a10dfd\" data-element_type=\"section\" data-e-type=\"section\">\n\t\t\t\t\t\t<div class=\"elementor-container elementor-column-gap-no\">\n\t\t\t\t\t<div class=\"elementor-column elementor-col-100 elementor-top-column elementor-element elementor-element-b663f00\" data-id=\"b663f00\" data-element_type=\"column\" data-e-type=\"column\">\n\t\t\t<div class=\"elementor-widget-wrap elementor-element-populated\">\n\t\t\t\t\t\t<div class=\"elementor-element elementor-element-ae58ca2 elementor-widget elementor-widget-heading\" data-id=\"ae58ca2\" data-element_type=\"widget\" data-e-type=\"widget\" data-widget_type=\"heading.default\">\n\t\t\t\t<div class=\"elementor-widget-container\">\n\t\t\t\t\t<h5 class=\"elementor-heading-title elementor-size-default\">CDE Pan-African Company<\/h5>\t\t\t\t<\/div>\n\t\t\t\t<\/div>\n\t\t\t\t<div class=\"elementor-element elementor-element-f1f711d elementor-widget elementor-widget-heading\" data-id=\"f1f711d\" data-element_type=\"widget\" data-e-type=\"widget\" data-widget_type=\"heading.default\">\n\t\t\t\t<div class=\"elementor-widget-container\">\n\t\t\t\t\t<h1 class=\"elementor-heading-title elementor-size-default\">CDE  <span class=\"background-text\">Pan-African<\/span> CDE<\/h1>\t\t\t\t<\/div>\n\t\t\t\t<\/div>\n\t\t\t\t<div class=\"elementor-element elementor-element-d3444d1 elementor-widget elementor-widget-text-editor\" data-id=\"d3444d1\" data-element_type=\"widget\" data-e-type=\"widget\" data-widget_type=\"text-editor.default\">\n\t\t\t\t<div class=\"elementor-widget-container\">\n\t\t\t\t\t\t\t\t\t<p>Beyond borders, a story from a human perspective<\/p>\t\t\t\t\t\t\t\t<\/div>\n\t\t\t\t<\/div>\n\t\t\t\t<div class=\"elementor-element elementor-element-a6cef30 elementor-widget elementor-widget-image\" data-id=\"a6cef30\" data-element_type=\"widget\" data-e-type=\"widget\" data-widget_type=\"image.default\">\n\t\t\t\t<div class=\"elementor-widget-container\">\n\t\t\t\t\t\t\t\t\t\t\t\t\t\t\t<img fetchpriority=\"high\" decoding=\"async\" width=\"1080\" height=\"559\" src=\"https:\/\/staging.cde.africa\/wp-content\/uploads\/2023\/09\/img_esprit_cde-1.jpg\" class=\"attachment-full size-full wp-image-1160\" alt=\"\" srcset=\"https:\/\/staging.cde.africa\/wp-content\/uploads\/2023\/09\/img_esprit_cde-1.jpg 1080w, https:\/\/staging.cde.africa\/wp-content\/uploads\/2023\/09\/img_esprit_cde-1-300x155.jpg 300w, https:\/\/staging.cde.africa\/wp-content\/uploads\/2023\/09\/img_esprit_cde-1-1024x530.jpg 1024w, https:\/\/staging.cde.africa\/wp-content\/uploads\/2023\/09\/img_esprit_cde-1-768x398.jpg 768w\" sizes=\"(max-width: 1080px) 100vw, 1080px\" \/>\t\t\t\t\t\t\t\t\t\t\t\t\t\t\t<\/div>\n\t\t\t\t<\/div>\n\t\t\t\t<div class=\"elementor-element elementor-element-4b4bcd3 elementor-widget elementor-widget-text-editor\" data-id=\"4b4bcd3\" data-element_type=\"widget\" data-e-type=\"widget\" data-widget_type=\"text-editor.default\">\n\t\t\t\t<div class=\"elementor-widget-container\">\n\t\t\t\t\t\t\t\t\t<p>CDE is an integrated company in all the countries in which it operates. Created and maintained in a family spirit, it has always been at its customers' disposal, whether in the public or private sectors.<br \/>After establishing a strong leadership position in the Senegalese construction industry, CDE turned to new market transactions in Africa (Cote d'Ivoire, Cameroon, Guinea Conakry, Guinea Bissau, Equatorial Guinea, Mali, Niger, Togo, ...) in order to successfully carry out large-scale works while respecting its basic principles:<\/p><p><strong>Availability, quality and responsibility.<\/strong><\/p><p>To perpetuate the good reputation it has built up over the years, CDE honors its commitments to customer satisfaction, while improving the quality it delivers to its customers in order to guarantee its long-term future. Our company has an obligation to persevere in the pursuit of innovation and performance in order to preserve this precious heritage for future generations.<\/p>\t\t\t\t\t\t\t\t<\/div>\n\t\t\t\t<\/div>\n\t\t\t\t<section class=\"elementor-section elementor-inner-section elementor-element elementor-element-ae6b9a3 elementor-section-boxed elementor-section-height-default elementor-section-height-default\" data-id=\"ae6b9a3\" data-element_type=\"section\" data-e-type=\"section\">\n\t\t\t\t\t\t<div class=\"elementor-container elementor-column-gap-no\">\n\t\t\t\t\t<div class=\"elementor-column elementor-col-100 elementor-inner-column elementor-element elementor-element-2783360\" data-id=\"2783360\" data-element_type=\"column\" data-e-type=\"column\">\n\t\t\t<div class=\"elementor-widget-wrap elementor-element-populated\">\n\t\t\t\t\t\t<div class=\"elementor-element elementor-element-58ba306 elementor-widget__width-initial elementor-widget elementor-widget-text-editor\" data-id=\"58ba306\" data-element_type=\"widget\" data-e-type=\"widget\" data-widget_type=\"text-editor.default\">\n\t\t\t\t<div class=\"elementor-widget-container\">\n\t\t\t\t\t\t\t\t\t<p>With more than 2500<strong>\u00a0employees, the<\/strong> CDE achieved a turnover of more than 46<strong>\u00a0billions of<\/strong> CFA francs in 2023.<\/p>\t\t\t\t\t\t\t\t<\/div>\n\t\t\t\t<\/div>\n\t\t\t\t\t<\/div>\n\t\t<\/div>\n\t\t\t\t\t<\/div>\n\t\t<\/section>\n\t\t\t\t\t<\/div>\n\t\t<\/div>\n\t\t\t\t\t<\/div>\n\t\t<\/section>\n\t\t\t\t<section class=\"elementor-section elementor-top-section elementor-element elementor-element-5bc02ff elementor-section-boxed elementor-section-height-default elementor-section-height-default\" data-id=\"5bc02ff\" data-element_type=\"section\" data-e-type=\"section\" data-settings=\"{&quot;background_background&quot;:&quot;classic&quot;}\">\n\t\t\t\t\t\t<div class=\"elementor-container elementor-column-gap-no\">\n\t\t\t\t\t<div class=\"elementor-column elementor-col-100 elementor-top-column elementor-element elementor-element-50a0da1\" data-id=\"50a0da1\" data-element_type=\"column\" data-e-type=\"column\">\n\t\t\t<div class=\"elementor-widget-wrap elementor-element-populated\">\n\t\t\t\t\t\t<div class=\"elementor-element elementor-element-4e6e808 elementor-widget__width-auto elementor-widget-mobile__width-inherit elementor-widget elementor-widget-text-editor\" data-id=\"4e6e808\" data-element_type=\"widget\" data-e-type=\"widget\" data-widget_type=\"text-editor.default\">\n\t\t\t\t<div class=\"elementor-widget-container\">\n\t\t\t\t\t\t\t\t\t<p>CDE, Certified Company<\/p>\t\t\t\t\t\t\t\t<\/div>\n\t\t\t\t<\/div>\n\t\t\t\t<div class=\"elementor-element elementor-element-364221f elementor-widget__width-auto elementor-widget elementor-widget-image\" data-id=\"364221f\" data-element_type=\"widget\" data-e-type=\"widget\" data-widget_type=\"image.default\">\n\t\t\t\t<div class=\"elementor-widget-container\">\n\t\t\t\t\t\t\t\t\t\t\t\t\t\t\t<img decoding=\"async\" width=\"309\" height=\"160\" src=\"https:\/\/staging.cde.africa\/wp-content\/uploads\/2023\/09\/ISO_IMG.png\" class=\"attachment-full size-full wp-image-1215\" alt=\"\" srcset=\"https:\/\/staging.cde.africa\/wp-content\/uploads\/2023\/09\/ISO_IMG.png 309w, https:\/\/staging.cde.africa\/wp-content\/uploads\/2023\/09\/ISO_IMG-300x155.png 300w\" sizes=\"(max-width: 309px) 100vw, 309px\" \/>\t\t\t\t\t\t\t\t\t\t\t\t\t\t\t<\/div>\n\t\t\t\t<\/div>\n\t\t\t\t\t<\/div>\n\t\t<\/div>\n\t\t\t\t\t<\/div>\n\t\t<\/section>\n\t\t\t\t<section class=\"elementor-section elementor-top-section elementor-element elementor-element-358020f elementor-section-boxed elementor-section-height-default elementor-section-height-default\" data-id=\"358020f\" data-element_type=\"section\" data-e-type=\"section\">\n\t\t\t\t\t\t<div class=\"elementor-container elementor-column-gap-no\">\n\t\t\t\t\t<div class=\"elementor-column elementor-col-100 elementor-top-column elementor-element elementor-element-f829a47\" data-id=\"f829a47\" data-element_type=\"column\" data-e-type=\"column\">\n\t\t\t<div class=\"elementor-widget-wrap elementor-element-populated\">\n\t\t\t\t\t\t<div class=\"elementor-element elementor-element-1a9173c elementor-widget elementor-widget-spacer\" data-id=\"1a9173c\" data-element_type=\"widget\" data-e-type=\"widget\" data-widget_type=\"spacer.default\">\n\t\t\t\t<div class=\"elementor-widget-container\">\n\t\t\t\t\t\t\t<div class=\"elementor-spacer\">\n\t\t\t<div class=\"elementor-spacer-inner\"><\/div>\n\t\t<\/div>\n\t\t\t\t\t\t<\/div>\n\t\t\t\t<\/div>\n\t\t\t\t\t<\/div>\n\t\t<\/div>\n\t\t\t\t\t<\/div>\n\t\t<\/section>\n\t\t\t\t<\/div>","protected":false},"excerpt":{"rendered":"<p>Compagnie panafricaine CDE Compagnie panafricaine CDE Au-del\u00e0 des fronti\u00e8res, une histoire \u00e0 hauteur d&rsquo;homme La CDE est une entreprise int\u00e9gr\u00e9e dans tous les pays o\u00f9 elle est pr\u00e9sente. Cr\u00e9\u00e9e et maintenue dans un esprit familial, elle a toujours \u00e9t\u00e9 \u00e0 l&rsquo;\u00e9coute de ses clients, qu&rsquo;ils soient du secteur public ou priv\u00e9.Apr\u00e8s avoir \u00e9tabli une forte [&hellip;]<\/p>\n","protected":false},"author":1,"featured_media":0,"parent":0,"menu_order":0,"comment_status":"closed","ping_status":"closed","template":"","meta":{"footnotes":""},"class_list":["post-1137","page","type-page","status-publish","hentry"],"_links":{"self":[{"href":"https:\/\/staging.cde.africa\/en\/wp-json\/wp\/v2\/pages\/1137","targetHints":{"allow":["GET"]}}],"collection":[{"href":"https:\/\/staging.cde.africa\/en\/wp-json\/wp\/v2\/pages"}],"about":[{"href":"https:\/\/staging.cde.africa\/en\/wp-json\/wp\/v2\/types\/page"}],"author":[{"embeddable":true,"href":"https:\/\/staging.cde.africa\/en\/wp-json\/wp\/v2\/users\/1"}],"replies":[{"embeddable":true,"href":"https:\/\/staging.cde.africa\/en\/wp-json\/wp\/v2\/comments?post=1137"}],"version-history":[{"count":146,"href":"https:\/\/staging.cde.africa\/en\/wp-json\/wp\/v2\/pages\/1137\/revisions"}],"predecessor-version":[{"id":6448,"href":"https:\/\/staging.cde.africa\/en\/wp-json\/wp\/v2\/pages\/1137\/revisions\/6448"}],"wp:attachment":[{"href":"https:\/\/staging.cde.africa\/en\/wp-json\/wp\/v2\/media?parent=1137"}],"curies":[{"name":"wp","href":"https:\/\/api.w.org\/{rel}","templated":true}]}}