{"id":2116,"date":"2023-10-31T10:17:31","date_gmt":"2023-10-31T10:17:31","guid":{"rendered":"https:\/\/cde-dev.cde.africa\/?page_id=2116"},"modified":"2024-10-21T17:18:42","modified_gmt":"2024-10-21T17:18:42","slug":"travaux-publics","status":"publish","type":"page","link":"https:\/\/staging.cde.africa\/ar\/travaux-publics\/","title":{"rendered":"\u0623\u0634\u063a\u0627\u0644 \u0639\u0645\u0648\u0645\u064a\u0629"},"content":{"rendered":"<div data-elementor-type=\"wp-page\" data-elementor-id=\"2116\" class=\"elementor elementor-2116\" data-elementor-post-type=\"page\">\n\t\t\t\t\t\t<section class=\"elementor-section elementor-top-section elementor-element elementor-element-3df724e elementor-section-boxed elementor-section-height-default elementor-section-height-default\" data-id=\"3df724e\" data-element_type=\"section\" data-e-type=\"section\">\n\t\t\t\t\t\t<div class=\"elementor-container elementor-column-gap-no\">\n\t\t\t\t\t<div class=\"elementor-column elementor-col-100 elementor-top-column elementor-element elementor-element-02b017e\" data-id=\"02b017e\" data-element_type=\"column\" data-e-type=\"column\">\n\t\t\t<div class=\"elementor-widget-wrap elementor-element-populated\">\n\t\t\t\t\t\t<div class=\"elementor-element elementor-element-d0b125d elementor-widget elementor-widget-heading\" data-id=\"d0b125d\" data-element_type=\"widget\" data-e-type=\"widget\" data-widget_type=\"heading.default\">\n\t\t\t\t<div class=\"elementor-widget-container\">\n\t\t\t\t\t<h5 class=\"elementor-heading-title elementor-size-default\">\u0623\u0634\u063a\u0627\u0644 \u0639\u0645\u0648\u0645\u064a\u0629<\/h5>\t\t\t\t<\/div>\n\t\t\t\t<\/div>\n\t\t\t\t<div class=\"elementor-element elementor-element-394371d elementor-widget elementor-widget-heading\" data-id=\"394371d\" data-element_type=\"widget\" data-e-type=\"widget\" data-widget_type=\"heading.default\">\n\t\t\t\t<div class=\"elementor-widget-container\">\n\t\t\t\t\t<h1 class=\"elementor-heading-title elementor-size-default\">\u0623\u0639\u0645\u0627\u0644<span class=\"background-text\">\u0627\u0644\u062c\u0645\u0627\u0647\u064a\u0631<\/span><\/h1>\t\t\t\t<\/div>\n\t\t\t\t<\/div>\n\t\t\t\t<div class=\"elementor-element elementor-element-9fded2e elementor-widget elementor-widget-heading\" data-id=\"9fded2e\" data-element_type=\"widget\" data-e-type=\"widget\" data-widget_type=\"heading.default\">\n\t\t\t\t<div class=\"elementor-widget-container\">\n\t\t\t\t\t<h2 class=\"elementor-heading-title elementor-size-default\">CDE\u060c \u0634\u0631\u0643\u0629 \u0631\u0627\u0626\u062f\u0629 \u0628\u0644\u0627 \u0645\u0646\u0627\u0632\u0639\u060c \u0645\u0646\u0630 \u0639\u0627\u0645 1967 - \u0639\u0627\u0645 \u0625\u0646\u0634\u0627\u0626\u0647\u0627<\/h2>\t\t\t\t<\/div>\n\t\t\t\t<\/div>\n\t\t\t\t<div class=\"elementor-element elementor-element-a52a09c elementor-widget elementor-widget-heading\" data-id=\"a52a09c\" data-element_type=\"widget\" data-e-type=\"widget\" data-widget_type=\"heading.default\">\n\t\t\t\t<div class=\"elementor-widget-container\">\n\t\t\t\t\t<h2 class=\"elementor-heading-title elementor-size-default\">\u0641\u064a \u0639\u0627\u0645 1990\u060c \u062f\u062e\u0644\u062a \u0634\u0631\u0643\u0629 CDE \u0628\u0646\u062c\u0627\u062d \u0633\u0648\u0642 \u0627\u0644\u0623\u0634\u063a\u0627\u0644 \u0627\u0644\u0639\u0627\u0645\u0629 \u0648\u0627\u0644\u0637\u0631\u0642\u060c \u0648\u0627\u0644\u0630\u064a \u064a\u0645\u062b\u0644 \u0627\u0644\u064a\u0648\u0645 20% \u0645\u0646 \u0646\u0634\u0627\u0637\u0647\u0627\u060c \u0628\u0647\u062f\u0641 \u062a\u0648\u0633\u064a\u0639 \u0647\u0630\u0627 \u0627\u0644\u0642\u0637\u0627\u0639.<\/h2>\t\t\t\t<\/div>\n\t\t\t\t<\/div>\n\t\t\t\t\t<\/div>\n\t\t<\/div>\n\t\t\t\t\t<\/div>\n\t\t<\/section>\n\t\t\t\t<section class=\"elementor-section elementor-top-section elementor-element elementor-element-825de54 elementor-section-boxed elementor-section-height-default elementor-section-height-default\" data-id=\"825de54\" data-element_type=\"section\" data-e-type=\"section\" data-settings=\"{&quot;background_background&quot;:&quot;classic&quot;}\">\n\t\t\t\t\t\t<div class=\"elementor-container elementor-column-gap-no\">\n\t\t\t\t\t<div class=\"elementor-column elementor-col-100 elementor-top-column elementor-element elementor-element-08b09e6\" data-id=\"08b09e6\" data-element_type=\"column\" data-e-type=\"column\">\n\t\t\t<div class=\"elementor-widget-wrap elementor-element-populated\">\n\t\t\t\t\t\t<div class=\"elementor-element elementor-element-2310d36 elementor-widget elementor-widget-heading\" data-id=\"2310d36\" data-element_type=\"widget\" data-e-type=\"widget\" data-widget_type=\"heading.default\">\n\t\t\t\t<div class=\"elementor-widget-container\">\n\t\t\t\t\t<h2 class=\"elementor-heading-title elementor-size-default\">\u062e\u0628\u0631\u062a\u0646\u0627<\/h2>\t\t\t\t<\/div>\n\t\t\t\t<\/div>\n\t\t\t\t<section class=\"elementor-section elementor-inner-section elementor-element elementor-element-a702730 elementor-section-full_width elementor-section-height-default elementor-section-height-default\" data-id=\"a702730\" data-element_type=\"section\" data-e-type=\"section\">\n\t\t\t\t\t\t<div class=\"elementor-container elementor-column-gap-no\">\n\t\t\t\t\t<div class=\"elementor-column elementor-col-100 elementor-inner-column elementor-element elementor-element-d300e8b\" data-id=\"d300e8b\" data-element_type=\"column\" data-e-type=\"column\">\n\t\t\t<div class=\"elementor-widget-wrap elementor-element-populated\">\n\t\t\t\t\t\t<div class=\"elementor-element elementor-element-f47e3d0 elementor-icon-list--layout-inline elementor-list-item-link-full_width elementor-widget elementor-widget-icon-list\" data-id=\"f47e3d0\" data-element_type=\"widget\" data-e-type=\"widget\" data-widget_type=\"icon-list.default\">\n\t\t\t\t<div class=\"elementor-widget-container\">\n\t\t\t\t\t\t\t<ul class=\"elementor-icon-list-items elementor-inline-items\">\n\t\t\t\t\t\t\t<li class=\"elementor-icon-list-item elementor-inline-item\">\n\t\t\t\t\t\t\t\t\t\t\t<span class=\"elementor-icon-list-icon\">\n\t\t\t\t\t\t\t<i aria-hidden=\"true\" class=\"fas fa-square-full\"><\/i>\t\t\t\t\t\t<\/span>\n\t\t\t\t\t\t\t\t\t\t<span class=\"elementor-icon-list-text\">\u0623\u0639\u0645\u0627\u0644 \u0627\u0644\u0623\u0631\u0636 \u0627\u0644\u0639\u0627\u0645\u0629<\/span>\n\t\t\t\t\t\t\t\t\t<\/li>\n\t\t\t\t\t\t\t\t<li class=\"elementor-icon-list-item elementor-inline-item\">\n\t\t\t\t\t\t\t\t\t\t\t<span class=\"elementor-icon-list-icon\">\n\t\t\t\t\t\t\t<i aria-hidden=\"true\" class=\"fas fa-square-full\"><\/i>\t\t\t\t\t\t<\/span>\n\t\t\t\t\t\t\t\t\t\t<span class=\"elementor-icon-list-text\">\u0627\u0644\u0645\u0633\u0627\u0631\u0627\u062a<\/span>\n\t\t\t\t\t\t\t\t\t<\/li>\n\t\t\t\t\t\t\t\t<li class=\"elementor-icon-list-item elementor-inline-item\">\n\t\t\t\t\t\t\t\t\t\t\t<span class=\"elementor-icon-list-icon\">\n\t\t\t\t\t\t\t<i aria-hidden=\"true\" class=\"fas fa-square-full\"><\/i>\t\t\t\t\t\t<\/span>\n\t\t\t\t\t\t\t\t\t\t<span class=\"elementor-icon-list-text\">\u0627\u0644\u0637\u0631\u0642<\/span>\n\t\t\t\t\t\t\t\t\t<\/li>\n\t\t\t\t\t\t\t\t<li class=\"elementor-icon-list-item elementor-inline-item\">\n\t\t\t\t\t\t\t\t\t\t\t<span class=\"elementor-icon-list-icon\">\n\t\t\t\t\t\t\t<i aria-hidden=\"true\" class=\"fas fa-square-full\"><\/i>\t\t\t\t\t\t<\/span>\n\t\t\t\t\t\t\t\t\t\t<span class=\"elementor-icon-list-text\">\u0627\u0644\u0623\u0639\u0645\u0627\u0644 \u0627\u0644\u0641\u0646\u064a\u0629<\/span>\n\t\t\t\t\t\t\t\t\t<\/li>\n\t\t\t\t\t\t<\/ul>\n\t\t\t\t\t\t<\/div>\n\t\t\t\t<\/div>\n\t\t\t\t\t<\/div>\n\t\t<\/div>\n\t\t\t\t\t<\/div>\n\t\t<\/section>\n\t\t\t\t\t<\/div>\n\t\t<\/div>\n\t\t\t\t\t<\/div>\n\t\t<\/section>\n\t\t\t\t<section class=\"elementor-section elementor-top-section elementor-element elementor-element-c75823a elementor-section-boxed elementor-section-height-default elementor-section-height-default\" data-id=\"c75823a\" data-element_type=\"section\" data-e-type=\"section\">\n\t\t\t\t\t\t<div class=\"elementor-container elementor-column-gap-no\">\n\t\t\t\t\t<div class=\"elementor-column elementor-col-100 elementor-top-column elementor-element elementor-element-7af21f7\" data-id=\"7af21f7\" data-element_type=\"column\" data-e-type=\"column\">\n\t\t\t<div class=\"elementor-widget-wrap elementor-element-populated\">\n\t\t\t\t\t\t<div class=\"elementor-element elementor-element-063dd37 elementor-widget-divider--view-line elementor-widget elementor-widget-divider\" data-id=\"063dd37\" data-element_type=\"widget\" data-e-type=\"widget\" data-widget_type=\"divider.default\">\n\t\t\t\t<div class=\"elementor-widget-container\">\n\t\t\t\t\t\t\t<div class=\"elementor-divider\">\n\t\t\t<span class=\"elementor-divider-separator\">\n\t\t\t\t\t\t<\/span>\n\t\t<\/div>\n\t\t\t\t\t\t<\/div>\n\t\t\t\t<\/div>\n\t\t\t\t<section class=\"elementor-section elementor-inner-section elementor-element elementor-element-7c5dd60 elementor-section-full_width elementor-section-height-default elementor-section-height-default\" data-id=\"7c5dd60\" data-element_type=\"section\" data-e-type=\"section\">\n\t\t\t\t\t\t<div class=\"elementor-container elementor-column-gap-no\">\n\t\t\t\t\t<div class=\"elementor-column elementor-col-100 elementor-inner-column elementor-element elementor-element-90a3c1d\" data-id=\"90a3c1d\" data-element_type=\"column\" data-e-type=\"column\">\n\t\t\t<div class=\"elementor-widget-wrap elementor-element-populated\">\n\t\t\t\t\t\t<div class=\"elementor-element elementor-element-92b6766 elementor-widget__width-initial elementor-widget elementor-widget-text-editor\" data-id=\"92b6766\" data-element_type=\"widget\" data-e-type=\"widget\" data-widget_type=\"text-editor.default\">\n\t\t\t\t<div class=\"elementor-widget-container\">\n\t\t\t\t\t\t\t\t\t<p>\u0641\u064a \u0639\u0627\u0645 1990\u060c \u0627\u0646\u0637\u0644\u0642\u062a CDE \u0628\u0646\u062c\u0627\u062d \u0641\u064a \u0633\u0648\u0642 \u0627\u0644\u0623\u0634\u063a\u0627\u0644 \u0627\u0644\u0639\u0627\u0645\u0629 \u0648\u0627\u0644\u0637\u0631\u0642\u060c \u0627\u0644\u0630\u064a \u064a\u0645\u062b\u0644 \u0627\u0644\u064a\u0648\u0645 20 % \u0645\u0646 \u0646\u0634\u0627\u0637\u0647\u0627\u060c \u0645\u0639 \u0627\u0644\u0631\u063a\u0628\u0629 \u0641\u064a \u062a\u0637\u0648\u064a\u0631 \u0647\u0630\u0627 \u0627\u0644\u0642\u0637\u0627\u0639.<\/p>\t\t\t\t\t\t\t\t<\/div>\n\t\t\t\t<\/div>\n\t\t\t\t\t<\/div>\n\t\t<\/div>\n\t\t\t\t\t<\/div>\n\t\t<\/section>\n\t\t\t\t<div class=\"elementor-element elementor-element-4f681fd elementor-widget-divider--view-line elementor-widget elementor-widget-divider\" data-id=\"4f681fd\" data-element_type=\"widget\" data-e-type=\"widget\" data-widget_type=\"divider.default\">\n\t\t\t\t<div class=\"elementor-widget-container\">\n\t\t\t\t\t\t\t<div class=\"elementor-divider\">\n\t\t\t<span class=\"elementor-divider-separator\">\n\t\t\t\t\t\t<\/span>\n\t\t<\/div>\n\t\t\t\t\t\t<\/div>\n\t\t\t\t<\/div>\n\t\t\t\t<div class=\"elementor-element elementor-element-7ddd0b4 elementor-widget elementor-widget-text-editor\" data-id=\"7ddd0b4\" data-element_type=\"widget\" data-e-type=\"widget\" data-widget_type=\"text-editor.default\">\n\t\t\t\t<div class=\"elementor-widget-container\">\n\t\t\t\t\t\t\t\t\t<p>\u0628\u0639\u0636 \u0627\u0644\u0625\u0646\u062c\u0627\u0632\u0627\u062a<\/p>\t\t\t\t\t\t\t\t<\/div>\n\t\t\t\t<\/div>\n\t\t\t\t\t<\/div>\n\t\t<\/div>\n\t\t\t\t\t<\/div>\n\t\t<\/section>\n\t\t\t\t<section class=\"elementor-section elementor-top-section elementor-element elementor-element-239f6a8 elementor-section-boxed elementor-section-height-default elementor-section-height-default\" data-id=\"239f6a8\" data-element_type=\"section\" data-e-type=\"section\">\n\t\t\t\t\t\t<div class=\"elementor-container elementor-column-gap-no\">\n\t\t\t\t\t<div class=\"elementor-column elementor-col-100 elementor-top-column elementor-element elementor-element-d82e7fc\" data-id=\"d82e7fc\" data-element_type=\"column\" data-e-type=\"column\" data-settings=\"{&quot;background_background&quot;:&quot;classic&quot;}\">\n\t\t\t<div class=\"elementor-widget-wrap elementor-element-populated\">\n\t\t\t\t\t\t<section class=\"elementor-section elementor-inner-section elementor-element elementor-element-2fb015a elementor-section-full_width elementor-section-height-default elementor-section-height-default\" data-id=\"2fb015a\" data-element_type=\"section\" data-e-type=\"section\">\n\t\t\t\t\t\t<div class=\"elementor-container elementor-column-gap-no\">\n\t\t\t\t\t<div class=\"elementor-column elementor-col-50 elementor-inner-column elementor-element elementor-element-e21e442\" data-id=\"e21e442\" data-element_type=\"column\" data-e-type=\"column\">\n\t\t\t<div class=\"elementor-widget-wrap\">\n\t\t\t\t\t\t\t<\/div>\n\t\t<\/div>\n\t\t\t\t<div class=\"elementor-column elementor-col-50 elementor-inner-column elementor-element elementor-element-32429de\" data-id=\"32429de\" data-element_type=\"column\" data-e-type=\"column\" data-settings=\"{&quot;background_background&quot;:&quot;classic&quot;}\">\n\t\t\t<div class=\"elementor-widget-wrap elementor-element-populated\">\n\t\t\t\t\t\t<div class=\"elementor-element elementor-element-329f22b elementor-widget__width-initial elementor-widget elementor-widget-heading\" data-id=\"329f22b\" data-element_type=\"widget\" data-e-type=\"widget\" data-widget_type=\"heading.default\">\n\t\t\t\t<div class=\"elementor-widget-container\">\n\t\t\t\t\t<h3 class=\"elementor-heading-title elementor-size-default\">\u0627\u0644\u0639\u0645\u0644 \u0639\u0644\u0649 \u062a\u0648\u0633\u0639\u0629 \u0627\u0644\u0643\u0648\u0631\u0646\u064a\u0634 \u0627\u0644\u063a\u0631\u0628\u064a<\/h3>\t\t\t\t<\/div>\n\t\t\t\t<\/div>\n\t\t\t\t<div class=\"elementor-element elementor-element-a967395 elementor-widget elementor-widget-heading\" data-id=\"a967395\" data-element_type=\"widget\" data-e-type=\"widget\" data-widget_type=\"heading.default\">\n\t\t\t\t<div class=\"elementor-widget-container\">\n\t\t\t\t\t<p class=\"elementor-heading-title elementor-size-default\">\u062f\u0639\u0648\u0646\u0627 \u0646\u0628\u0646\u064a \u0628\u0634\u0643\u0644 \u0645\u0633\u062a\u062f\u0627\u0645 \u0645\u0639\u064b\u0627!<\/p>\t\t\t\t<\/div>\n\t\t\t\t<\/div>\n\t\t\t\t\t<\/div>\n\t\t<\/div>\n\t\t\t\t\t<\/div>\n\t\t<\/section>\n\t\t\t\t\t<\/div>\n\t\t<\/div>\n\t\t\t\t\t<\/div>\n\t\t<\/section>\n\t\t\t\t<section class=\"elementor-section elementor-top-section elementor-element elementor-element-3610334 elementor-section-boxed elementor-section-height-default elementor-section-height-default\" data-id=\"3610334\" data-element_type=\"section\" data-e-type=\"section\">\n\t\t\t\t\t\t<div class=\"elementor-container elementor-column-gap-no\">\n\t\t\t\t\t<div class=\"elementor-column elementor-col-100 elementor-top-column elementor-element elementor-element-c7ca3d9\" data-id=\"c7ca3d9\" data-element_type=\"column\" data-e-type=\"column\" data-settings=\"{&quot;background_background&quot;:&quot;classic&quot;}\">\n\t\t\t<div class=\"elementor-widget-wrap elementor-element-populated\">\n\t\t\t\t\t\t<section class=\"elementor-section elementor-inner-section elementor-element elementor-element-a3923aa elementor-section-full_width elementor-section-height-default elementor-section-height-default\" data-id=\"a3923aa\" data-element_type=\"section\" data-e-type=\"section\">\n\t\t\t\t\t\t<div class=\"elementor-container elementor-column-gap-no\">\n\t\t\t\t\t<div class=\"elementor-column elementor-col-50 elementor-inner-column elementor-element elementor-element-31b496a\" data-id=\"31b496a\" data-element_type=\"column\" data-e-type=\"column\" data-settings=\"{&quot;background_background&quot;:&quot;classic&quot;}\">\n\t\t\t<div class=\"elementor-widget-wrap elementor-element-populated\">\n\t\t\t\t\t\t<div class=\"elementor-element elementor-element-e1545ce elementor-widget__width-initial elementor-widget elementor-widget-heading\" data-id=\"e1545ce\" data-element_type=\"widget\" data-e-type=\"widget\" data-widget_type=\"heading.default\">\n\t\t\t\t<div class=\"elementor-widget-container\">\n\t\t\t\t\t<h3 class=\"elementor-heading-title elementor-size-default\">\u0627\u0644\u0639\u0645\u0644 \u0639\u0644\u0649 \u062a\u0648\u0633\u0639\u0629 \u0627\u0644\u0643\u0648\u0631\u0646\u064a\u0634 \u0627\u0644\u063a\u0631\u0628\u064a<\/h3>\t\t\t\t<\/div>\n\t\t\t\t<\/div>\n\t\t\t\t<div class=\"elementor-element elementor-element-89e4f2b elementor-widget__width-initial elementor-widget elementor-widget-heading\" data-id=\"89e4f2b\" data-element_type=\"widget\" data-e-type=\"widget\" data-widget_type=\"heading.default\">\n\t\t\t\t<div class=\"elementor-widget-container\">\n\t\t\t\t\t<p class=\"elementor-heading-title elementor-size-default\">\u062f\u0639\u0648\u0646\u0627 \u0646\u0628\u0646\u064a \u0628\u0634\u0643\u0644 \u0645\u0633\u062a\u062f\u0627\u0645 \u0645\u0639\u064b\u0627! <\/p>\t\t\t\t<\/div>\n\t\t\t\t<\/div>\n\t\t\t\t\t<\/div>\n\t\t<\/div>\n\t\t\t\t<div class=\"elementor-column elementor-col-50 elementor-inner-column elementor-element elementor-element-2f02268\" data-id=\"2f02268\" data-element_type=\"column\" data-e-type=\"column\">\n\t\t\t<div class=\"elementor-widget-wrap\">\n\t\t\t\t\t\t\t<\/div>\n\t\t<\/div>\n\t\t\t\t\t<\/div>\n\t\t<\/section>\n\t\t\t\t\t<\/div>\n\t\t<\/div>\n\t\t\t\t\t<\/div>\n\t\t<\/section>\n\t\t\t\t<section class=\"elementor-section elementor-top-section elementor-element elementor-element-287327b elementor-section-boxed elementor-section-height-default elementor-section-height-default\" data-id=\"287327b\" data-element_type=\"section\" data-e-type=\"section\">\n\t\t\t\t\t\t<div class=\"elementor-container elementor-column-gap-no\">\n\t\t\t\t\t<div class=\"elementor-column elementor-col-100 elementor-top-column elementor-element elementor-element-3e122b9\" data-id=\"3e122b9\" data-element_type=\"column\" data-e-type=\"column\" data-settings=\"{&quot;background_background&quot;:&quot;classic&quot;}\">\n\t\t\t<div class=\"elementor-widget-wrap elementor-element-populated\">\n\t\t\t\t\t\t<section class=\"elementor-section elementor-inner-section elementor-element elementor-element-cc3f4bb elementor-section-boxed elementor-section-height-default elementor-section-height-default\" data-id=\"cc3f4bb\" data-element_type=\"section\" data-e-type=\"section\">\n\t\t\t\t\t\t<div class=\"elementor-container elementor-column-gap-no\">\n\t\t\t\t\t<div class=\"elementor-column elementor-col-100 elementor-inner-column elementor-element elementor-element-5848fb8\" data-id=\"5848fb8\" data-element_type=\"column\" data-e-type=\"column\" data-settings=\"{&quot;background_background&quot;:&quot;classic&quot;}\">\n\t\t\t<div class=\"elementor-widget-wrap elementor-element-populated\">\n\t\t\t\t\t\t<div class=\"elementor-element elementor-element-6c84d6c elementor-widget__width-initial elementor-widget elementor-widget-heading\" data-id=\"6c84d6c\" data-element_type=\"widget\" data-e-type=\"widget\" data-widget_type=\"heading.default\">\n\t\t\t\t<div class=\"elementor-widget-container\">\n\t\t\t\t\t<h3 class=\"elementor-heading-title elementor-size-default\">\u0625\u0646\u0634\u0627\u0621 \u0623\u0648\u0644 \u0646\u0641\u0642 \u0644\u0644\u0633\u0648\u0645\u0628\u064a\u062f\u064a\u0648\u0646 (300 \u0645) \u0628\u062b\u0644\u0627\u062b\u0629 \u0642\u0648\u0627\u062f\u064a\u0633<\/h3>\t\t\t\t<\/div>\n\t\t\t\t<\/div>\n\t\t\t\t<div class=\"elementor-element elementor-element-ef6835b elementor-widget__width-initial elementor-widget elementor-widget-heading\" data-id=\"ef6835b\" data-element_type=\"widget\" data-e-type=\"widget\" data-widget_type=\"heading.default\">\n\t\t\t\t<div class=\"elementor-widget-container\">\n\t\t\t\t\t<p class=\"elementor-heading-title elementor-size-default\">\u062a\u0645 \u062a\u0643\u0644\u064a\u0641 \u0634\u0631\u0643\u0629 CDE\u060c \u0648\u0647\u064a \u0644\u0627\u0639\u0628 \u0631\u0626\u064a\u0633\u064a \u0641\u064a \u0627\u0644\u0633\u0646\u063a\u0627\u0644\u060c \u0628\u0625\u0639\u0627\u062f\u0629 \u062a\u0623\u0647\u064a\u0644 \u0627\u0644\u0643\u0648\u0631\u0646\u064a\u0634 \u0627\u0644\u063a\u0631\u0628\u064a \u0644\u062f\u0627\u0643\u0627\u0631\u060c \u0645\u0646 \u062e\u0644\u0627\u0644 \u0625\u0646\u0634\u0627\u0621 \u0623\u0648\u0644 \u0646\u0641\u0642 \u062e\u0631\u0648\u062c \u0628\u0637\u0648\u0644 300 \u0645\u062a\u0631 \u0641\u064a \u063a\u0631\u0628 \u0623\u0641\u0631\u064a\u0642\u064a\u0627.<\/p>\t\t\t\t<\/div>\n\t\t\t\t<\/div>\n\t\t\t\t<div class=\"elementor-element elementor-element-6e0be2f elementor-widget elementor-widget-heading\" data-id=\"6e0be2f\" data-element_type=\"widget\" data-e-type=\"widget\" data-widget_type=\"heading.default\">\n\t\t\t\t<div class=\"elementor-widget-container\">\n\t\t\t\t\t<p class=\"elementor-heading-title elementor-size-default\">\u0627\u0644\u0628\u0646\u0627\u0621 \u0628\u0634\u0643\u0644 \u0645\u0633\u062a\u062f\u0627\u0645 \u0645\u0639\u064b\u0627!<\/p>\t\t\t\t<\/div>\n\t\t\t\t<\/div>\n\t\t\t\t\t<\/div>\n\t\t<\/div>\n\t\t\t\t\t<\/div>\n\t\t<\/section>\n\t\t\t\t\t<\/div>\n\t\t<\/div>\n\t\t\t\t\t<\/div>\n\t\t<\/section>\n\t\t\t\t<section class=\"elementor-section elementor-top-section elementor-element elementor-element-d6aa9ba elementor-section-boxed elementor-section-height-default elementor-section-height-default\" data-id=\"d6aa9ba\" data-element_type=\"section\" data-e-type=\"section\">\n\t\t\t\t\t\t<div class=\"elementor-container elementor-column-gap-default\">\n\t\t\t\t\t<div class=\"elementor-column elementor-col-50 elementor-top-column elementor-element elementor-element-59d2508\" data-id=\"59d2508\" data-element_type=\"column\" data-e-type=\"column\">\n\t\t\t<div class=\"elementor-widget-wrap\">\n\t\t\t\t\t\t\t<\/div>\n\t\t<\/div>\n\t\t\t\t<div class=\"elementor-column elementor-col-50 elementor-top-column elementor-element elementor-element-e6ed627\" data-id=\"e6ed627\" data-element_type=\"column\" data-e-type=\"column\">\n\t\t\t<div class=\"elementor-widget-wrap elementor-element-populated\">\n\t\t\t\t\t\t<div class=\"elementor-element elementor-element-580ceef elementor-align-right elementor-mobile-align-left elementor-widget elementor-widget-button\" data-id=\"580ceef\" data-element_type=\"widget\" data-e-type=\"widget\" data-widget_type=\"button.default\">\n\t\t\t\t<div class=\"elementor-widget-container\">\n\t\t\t\t\t\t\t\t\t<div class=\"elementor-button-wrapper\">\n\t\t\t\t\t<a class=\"elementor-button elementor-button-link elementor-size-sm\" href=\"https:\/\/staging.cde.africa\/ar\/achievements\/travauxpublic\/\">\n\t\t\t\t\t\t<span class=\"elementor-button-content-wrapper\">\n\t\t\t\t\t\t\t\t\t<span class=\"elementor-button-text\">\u0634\u0627\u0647\u062f \u0625\u0646\u062c\u0627\u0632\u0627\u062a\u0646\u0627<\/span>\n\t\t\t\t\t<\/span>\n\t\t\t\t\t<\/a>\n\t\t\t\t<\/div>\n\t\t\t\t\t\t\t\t<\/div>\n\t\t\t\t<\/div>\n\t\t\t\t<div class=\"elementor-element elementor-element-2f8dd92 elementor-widget elementor-widget-spacer\" data-id=\"2f8dd92\" data-element_type=\"widget\" data-e-type=\"widget\" data-widget_type=\"spacer.default\">\n\t\t\t\t<div class=\"elementor-widget-container\">\n\t\t\t\t\t\t\t<div class=\"elementor-spacer\">\n\t\t\t<div class=\"elementor-spacer-inner\"><\/div>\n\t\t<\/div>\n\t\t\t\t\t\t<\/div>\n\t\t\t\t<\/div>\n\t\t\t\t\t<\/div>\n\t\t<\/div>\n\t\t\t\t\t<\/div>\n\t\t<\/section>\n\t\t\t\t<\/div>","protected":false},"excerpt":{"rendered":"<p>Travaux publics TravauxPublics CDE, un leader incontest\u00e9, depuis 1967 &#8211; ann\u00e9e de sa cr\u00e9ation En 1990, CDE r\u00e9ussit son entr\u00e9e sur le march\u00e9 des Travaux Publics et des Routes, qui repr\u00e9sente aujourd\u2019hui 20% de son activit\u00e9, avec la volont\u00e9 d`accro\u00eetre ce secteur. NOTRE EXPERTISE TRAVAUX G\u00c9N\u00c9RAUX DE TERRASSEMENT PISTES ROUTES \u0152UVRES D&rsquo;ART En 1990, la [&hellip;]<\/p>\n","protected":false},"author":1,"featured_media":0,"parent":0,"menu_order":0,"comment_status":"closed","ping_status":"closed","template":"","meta":{"footnotes":""},"class_list":["post-2116","page","type-page","status-publish","hentry"],"_links":{"self":[{"href":"https:\/\/staging.cde.africa\/ar\/wp-json\/wp\/v2\/pages\/2116","targetHints":{"allow":["GET"]}}],"collection":[{"href":"https:\/\/staging.cde.africa\/ar\/wp-json\/wp\/v2\/pages"}],"about":[{"href":"https:\/\/staging.cde.africa\/ar\/wp-json\/wp\/v2\/types\/page"}],"author":[{"embeddable":true,"href":"https:\/\/staging.cde.africa\/ar\/wp-json\/wp\/v2\/users\/1"}],"replies":[{"embeddable":true,"href":"https:\/\/staging.cde.africa\/ar\/wp-json\/wp\/v2\/comments?post=2116"}],"version-history":[{"count":124,"href":"https:\/\/staging.cde.africa\/ar\/wp-json\/wp\/v2\/pages\/2116\/revisions"}],"predecessor-version":[{"id":6274,"href":"https:\/\/staging.cde.africa\/ar\/wp-json\/wp\/v2\/pages\/2116\/revisions\/6274"}],"wp:attachment":[{"href":"https:\/\/staging.cde.africa\/ar\/wp-json\/wp\/v2\/media?parent=2116"}],"curies":[{"name":"\u0648\u0648\u0631\u062f\u0628\u0631\u064a\u0633","href":"https:\/\/api.w.org\/{rel}","templated":true}]}}