{"id":1231,"date":"2023-09-25T06:26:56","date_gmt":"2023-09-25T06:26:56","guid":{"rendered":"https:\/\/cde-dev.cde.africa\/?page_id=1231"},"modified":"2024-07-23T10:53:39","modified_gmt":"2024-07-23T10:53:39","slug":"politique-qualite-securite-environnement","status":"publish","type":"page","link":"https:\/\/staging.cde.africa\/ar\/politique-qualite-securite-environnement\/","title":{"rendered":"\u0633\u064a\u0627\u0633\u0629 \u0627\u0644\u062c\u0648\u062f\u0629 \u0648\u0627\u0644\u0633\u0644\u0627\u0645\u0629 \u0648\u0627\u0644\u0628\u064a\u0626\u0629"},"content":{"rendered":"<div data-elementor-type=\"wp-page\" data-elementor-id=\"1231\" class=\"elementor elementor-1231\" data-elementor-post-type=\"page\">\n\t\t\t\t\t\t<section class=\"elementor-section elementor-top-section elementor-element elementor-element-8e26b5e elementor-section-boxed elementor-section-height-default elementor-section-height-default\" data-id=\"8e26b5e\" data-element_type=\"section\" data-e-type=\"section\">\n\t\t\t\t\t\t<div class=\"elementor-container elementor-column-gap-default\">\n\t\t\t\t\t<div class=\"elementor-column elementor-col-100 elementor-top-column elementor-element elementor-element-af71402\" data-id=\"af71402\" data-element_type=\"column\" data-e-type=\"column\">\n\t\t\t<div class=\"elementor-widget-wrap elementor-element-populated\">\n\t\t\t\t\t\t<div class=\"elementor-element elementor-element-3960bbb elementor-widget elementor-widget-spacer\" data-id=\"3960bbb\" data-element_type=\"widget\" data-e-type=\"widget\" data-widget_type=\"spacer.default\">\n\t\t\t\t<div class=\"elementor-widget-container\">\n\t\t\t\t\t\t\t<div class=\"elementor-spacer\">\n\t\t\t<div class=\"elementor-spacer-inner\"><\/div>\n\t\t<\/div>\n\t\t\t\t\t\t<\/div>\n\t\t\t\t<\/div>\n\t\t\t\t<div class=\"elementor-element elementor-element-1a5b3df elementor-widget elementor-widget-heading\" data-id=\"1a5b3df\" data-element_type=\"widget\" data-e-type=\"widget\" data-widget_type=\"heading.default\">\n\t\t\t\t<div class=\"elementor-widget-container\">\n\t\t\t\t\t<h5 class=\"elementor-heading-title elementor-size-default\">\u0633\u064a\u0627\u0633\u0629 \u0627\u0644\u062c\u0648\u062f\u0629 \u0648\u0627\u0644\u0633\u0644\u0627\u0645\u0629 \u0648\u0627\u0644\u0628\u064a\u0626\u0629<\/h5>\t\t\t\t<\/div>\n\t\t\t\t<\/div>\n\t\t\t\t<div class=\"elementor-element elementor-element-7e1fe72 elementor-widget elementor-widget-heading\" data-id=\"7e1fe72\" data-element_type=\"widget\" data-e-type=\"widget\" data-widget_type=\"heading.default\">\n\t\t\t\t<div class=\"elementor-widget-container\">\n\t\t\t\t\t<h1 class=\"elementor-heading-title elementor-size-default\">CDE\u060c \u0627\u0644\u0632\u0639\u064a\u0645 \u0628\u0644\u0627 \u0645\u0646\u0627\u0632\u0639 \u0645\u0646\u0630 <span class=\"background-text\">1967<\/span><\/h1>\t\t\t\t<\/div>\n\t\t\t\t<\/div>\n\t\t\t\t<div class=\"elementor-element elementor-element-f1e4172 elementor-widget elementor-widget-text-editor\" data-id=\"f1e4172\" data-element_type=\"widget\" data-e-type=\"widget\" data-widget_type=\"text-editor.default\">\n\t\t\t\t<div class=\"elementor-widget-container\">\n\t\t\t\t\t\t\t\t\t<p>\u0645\u0627 \u0648\u0631\u0627\u0621 \u0627\u0644\u062d\u062f\u0648\u062f\u060c \u0642\u0635\u0629 \u0639\u0644\u0649 \u0646\u0637\u0627\u0642 \u0625\u0646\u0633\u0627\u0646\u064a<\/p>\t\t\t\t\t\t\t\t<\/div>\n\t\t\t\t<\/div>\n\t\t\t\t<div class=\"elementor-element elementor-element-4b834d7 elementor-widget elementor-widget-spacer\" data-id=\"4b834d7\" data-element_type=\"widget\" data-e-type=\"widget\" data-widget_type=\"spacer.default\">\n\t\t\t\t<div class=\"elementor-widget-container\">\n\t\t\t\t\t\t\t<div class=\"elementor-spacer\">\n\t\t\t<div class=\"elementor-spacer-inner\"><\/div>\n\t\t<\/div>\n\t\t\t\t\t\t<\/div>\n\t\t\t\t<\/div>\n\t\t\t\t\t<\/div>\n\t\t<\/div>\n\t\t\t\t\t<\/div>\n\t\t<\/section>\n\t\t\t\t<section class=\"elementor-section elementor-top-section elementor-element elementor-element-137f596 elementor-section-boxed elementor-section-height-default elementor-section-height-default\" data-id=\"137f596\" data-element_type=\"section\" data-e-type=\"section\">\n\t\t\t\t\t\t<div class=\"elementor-container elementor-column-gap-no\">\n\t\t\t\t\t<div class=\"elementor-column elementor-col-100 elementor-top-column elementor-element elementor-element-f5964e3\" data-id=\"f5964e3\" data-element_type=\"column\" data-e-type=\"column\" data-settings=\"{&quot;background_background&quot;:&quot;classic&quot;}\">\n\t\t\t<div class=\"elementor-widget-wrap elementor-element-populated\">\n\t\t\t\t\t\t<section class=\"elementor-section elementor-inner-section elementor-element elementor-element-f75dacc elementor-section-boxed elementor-section-height-default elementor-section-height-default\" data-id=\"f75dacc\" data-element_type=\"section\" data-e-type=\"section\">\n\t\t\t\t\t\t<div class=\"elementor-container elementor-column-gap-no\">\n\t\t\t\t\t<div class=\"elementor-column elementor-col-100 elementor-inner-column elementor-element elementor-element-3af46a1\" data-id=\"3af46a1\" data-element_type=\"column\" data-e-type=\"column\">\n\t\t\t<div class=\"elementor-widget-wrap elementor-element-populated\">\n\t\t\t\t\t\t<div class=\"elementor-element elementor-element-9fd08ca elementor-widget elementor-widget-text-editor\" data-id=\"9fd08ca\" data-element_type=\"widget\" data-e-type=\"widget\" data-widget_type=\"text-editor.default\">\n\t\t\t\t<div class=\"elementor-widget-container\">\n\t\t\t\t\t\t\t\t\t<p>\u0631\u0636\u0627 \u0639\u0645\u0644\u0627\u0626\u0646\u0627 \u0648\u0635\u062d\u0629 \u0648\u0633\u0644\u0627\u0645\u0629 \u0645\u0648\u0638\u0641\u064a\u0646\u0627 \u0648\u0627\u0644\u062d\u0641\u0627\u0638 \u0639\u0644\u0649 \u0627\u0644\u0628\u064a\u0626\u0629 \u0647\u064a \u0642\u0636\u0627\u064a\u0627 \u0631\u0626\u064a\u0633\u064a\u0629 \u0641\u064a \u062a\u0646\u0641\u064a\u0630 \u0645\u0634\u0627\u0631\u064a\u0639\u0646\u0627. <strong>\u0627\u062a\u062d\u0627\u062f \u0627\u0644\u0623\u0639\u0645\u0627\u0644<\/strong>.<\/p><p>\u0648\u0628\u0647\u0630\u0647 \u0627\u0644\u0631\u0648\u062d\u060c \u064a\u0633\u0639\u0649 \u0627\u062a\u062d\u0627\u062f \u0627\u0644\u0634\u0631\u0643\u0627\u062a \u0625\u0644\u0649 \u062a\u0637\u0648\u064a\u0631 \u0646\u0638\u0627\u0645 \u0625\u062f\u0627\u0631\u0629 \u064a\u062f\u0645\u062c \u0627\u0644\u062c\u0648\u062f\u0629 \u0648\u0627\u0644\u0633\u0644\u0627\u0645\u0629 \u0648\u0627\u0644\u0628\u064a\u0626\u0629. \u0648\u0647\u0630\u0627 \u0647\u0648 \u0627\u0644\u062a\u062d\u062f\u064a \u0627\u0644\u062d\u0642\u064a\u0642\u064a \u0627\u0644\u0630\u064a \u064a\u062a\u0639\u064a\u0646 \u0639\u0644\u064a\u0646\u0627 \u0645\u0648\u0627\u062c\u0647\u062a\u0647 \u0641\u064a \u0623\u0646\u0634\u0637\u062a\u0646\u0627 \u0627\u0644\u064a\u0648\u0645\u064a\u0629.<br \/>\u0628\u0635\u0641\u062a\u064a \u0627\u0644\u0645\u062f\u064a\u0631 \u0627\u0644\u0639\u0627\u0645 \u0644\u0645\u0631\u0643\u0632 \u0627\u0644\u062a\u0646\u0645\u064a\u0629 \u0627\u0644\u0627\u0642\u062a\u0635\u0627\u062f\u064a\u0629\u060c \u0641\u0625\u0646\u0646\u064a \u0645\u0644\u062a\u0632\u0645 \u0628\u062a\u0648\u0641\u064a\u0631 \u0627\u0644\u0645\u0648\u0627\u0631\u062f \u0627\u0644\u0628\u0634\u0631\u064a\u0629 \u0648\u0627\u0644\u0645\u0627\u0644\u064a\u0629 \u0648\u0627\u0644\u062a\u0646\u0638\u064a\u0645\u064a\u0629 \u0648\u0627\u0644\u0641\u0646\u064a\u0629 \u0627\u0644\u0644\u0627\u0632\u0645\u0629 \u0645\u0646 \u0623\u062c\u0644:<\/p>\t\t\t\t\t\t\t\t<\/div>\n\t\t\t\t<\/div>\n\t\t\t\t<div class=\"elementor-element elementor-element-f58b273 elementor-widget elementor-widget-text-editor\" data-id=\"f58b273\" data-element_type=\"widget\" data-e-type=\"widget\" data-widget_type=\"text-editor.default\">\n\t\t\t\t<div class=\"elementor-widget-container\">\n\t\t\t\t\t\t\t\t\t<ul><li>\u062a\u0644\u0628\u064a\u0629 \u062a\u0648\u0642\u0639\u0627\u062a \u0639\u0645\u0644\u0627\u0626\u0646\u0627 \u0645\u0646 \u062e\u0644\u0627\u0644 \u0627\u0644\u0627\u0633\u062a\u0645\u0627\u0639 \u0625\u0644\u064a\u0647\u0645 \u0648\u062a\u0648\u0644\u064a \u0645\u0633\u0624\u0648\u0644\u064a\u0629 \u0637\u0644\u0628\u0627\u062a\u0647\u0645\u060c \u0645\u0639 \u0627\u062d\u062a\u0631\u0627\u0645 \u0627\u0644\u0645\u062a\u0637\u0644\u0628\u0627\u062a \u0627\u0644\u062a\u0639\u0627\u0642\u062f\u064a\u0629<\/li><\/ul>\t\t\t\t\t\t\t\t<\/div>\n\t\t\t\t<\/div>\n\t\t\t\t<div class=\"elementor-element elementor-element-4a2a44b elementor-widget elementor-widget-text-editor\" data-id=\"4a2a44b\" data-element_type=\"widget\" data-e-type=\"widget\" data-widget_type=\"text-editor.default\">\n\t\t\t\t<div class=\"elementor-widget-container\">\n\t\t\t\t\t\t\t\t\t<ul><li>\u062a\u0644\u0628\u064a\u0629 \u0627\u0644\u0645\u062a\u0637\u0644\u0628\u0627\u062a \u0627\u0644\u0641\u0646\u064a\u0629 \u0648\u0623\u0647\u062f\u0627\u0641 \u0627\u0644\u0631\u0628\u062d\u064a\u0629 \u0639\u0646\u062f \u062a\u0646\u0641\u064a\u0630 \u0627\u0644\u0639\u0645\u0644\u060c<\/li><\/ul>\t\t\t\t\t\t\t\t<\/div>\n\t\t\t\t<\/div>\n\t\t\t\t<div class=\"elementor-element elementor-element-49a044d elementor-widget elementor-widget-text-editor\" data-id=\"49a044d\" data-element_type=\"widget\" data-e-type=\"widget\" data-widget_type=\"text-editor.default\">\n\t\t\t\t<div class=\"elementor-widget-container\">\n\t\t\t\t\t\t\t\t\t<ul><li>\u062d\u0645\u0627\u064a\u0629 \u0627\u0644\u0623\u0634\u062e\u0627\u0635 \u0648\u0627\u0644\u0645\u0645\u062a\u0644\u0643\u0627\u062a \u0648\u0627\u0644\u0628\u064a\u0626\u0629 \u0623\u062b\u0646\u0627\u0621 \u0628\u0646\u0627\u0621 \u0645\u0646\u0634\u0622\u062a\u0646\u0627<\/li><\/ul>\t\t\t\t\t\t\t\t<\/div>\n\t\t\t\t<\/div>\n\t\t\t\t<div class=\"elementor-element elementor-element-5ba8adf elementor-widget elementor-widget-text-editor\" data-id=\"5ba8adf\" data-element_type=\"widget\" data-e-type=\"widget\" data-widget_type=\"text-editor.default\">\n\t\t\t\t<div class=\"elementor-widget-container\">\n\t\t\t\t\t\t\t\t\t<p>\u0645\u062f\u064a\u0631 \u0627\u0644\u062c\u0648\u062f\u0629 \u0648\u0627\u0644\u0633\u0644\u0627\u0645\u0629 \u0648\u0627\u0644\u0628\u064a\u0626\u0629 \u0645\u0633\u0624\u0648\u0644 \u0639\u0646 \u0625\u062f\u0627\u0631\u0629 \u0647\u0630\u0647 \u0627\u0644\u0639\u0645\u0644\u064a\u0629 \u0648\u064a\u062a\u0644\u0642\u0649 \u0627\u0644\u062f\u0639\u0645 \u0641\u064a \u0645\u0647\u0645\u062a\u0647 \u0645\u0646 \u0645\u062f\u064a\u0631\u064a \u0627\u0644\u0639\u0645\u0644\u064a\u0629. \u0648\u062a\u0642\u0639 \u0639\u0644\u0649 \u0639\u0627\u062a\u0642\u0647\u0645 \u0645\u0633\u0624\u0648\u0644\u064a\u0629 \u062a\u0646\u0641\u064a\u0630 \u0647\u0630\u0647 \u0627\u0644\u0633\u064a\u0627\u0633\u0629 \u0648\u0627\u0644\u0645\u0634\u0627\u0631\u0643\u0629 \u0641\u064a \u0627\u0644\u062a\u062d\u0633\u064a\u0646 \u0627\u0644\u0645\u0633\u062a\u0645\u0631 \u0644\u0646\u0638\u0627\u0645 \u0627\u0644\u062c\u0648\u062f\u0629 \u0648\u0627\u0644\u0633\u0644\u0627\u0645\u0629 \u0641\u064a \u0627\u0644\u0628\u064a\u0626\u0629.<br \/>\u0648\u0623\u0646\u0627 \u0623\u0639\u062a\u0645\u062f \u0639\u0644\u0649 \u0634\u0639\u0648\u0631 \u0627\u0644\u062c\u0645\u064a\u0639 \u0628\u0627\u0644\u0627\u0646\u062a\u0645\u0627\u0621 \u0648\u0627\u0644\u0645\u0634\u0627\u0631\u0643\u0629 \u062d\u062a\u0649 \u0646\u062a\u0645\u0643\u0646 \u0645\u0646 \u0627\u0644\u0645\u0634\u0627\u0631\u0643\u0629 \u0628\u0646\u0634\u0627\u0637 \u0641\u064a \u062a\u062d\u0633\u064a\u0646 \u0623\u062f\u0627\u0626\u0646\u0627 \u0627\u0644\u064a\u0648\u0645\u064a. \u062a\u062a\u0645\u062a\u0639 \u0634\u0631\u0643\u062a\u0646\u0627 \u0628\u0634\u0647\u0627\u062f\u0629 ISO 9001 \u0645\u0646\u0630 \u0623\u0643\u062b\u0631 \u0645\u0646 10 \u0633\u0646\u0648\u0627\u062a\u060c \u0648\u062a\u0633\u0639\u0649 \u062c\u0627\u0647\u062f\u0629 \u0625\u0644\u0649 \u0627\u0644\u0645\u062b\u0627\u0628\u0631\u0629 \u0641\u064a \u0633\u0639\u064a\u0647\u0627 \u0644\u062a\u062d\u0642\u064a\u0642 \u0627\u0644\u062a\u0645\u064a\u0632.<\/p>\t\t\t\t\t\t\t\t<\/div>\n\t\t\t\t<\/div>\n\t\t\t\t<div class=\"elementor-element elementor-element-0fb6f15 elementor-widget elementor-widget-heading\" data-id=\"0fb6f15\" data-element_type=\"widget\" data-e-type=\"widget\" data-widget_type=\"heading.default\">\n\t\t\t\t<div class=\"elementor-widget-container\">\n\t\t\t\t\t<h3 class=\"elementor-heading-title elementor-size-default\">\u0627\u0644\u0625\u062f\u0627\u0631\u0629 \u0627\u0644\u0639\u0627\u0645\u0629<\/h3>\t\t\t\t<\/div>\n\t\t\t\t<\/div>\n\t\t\t\t<div class=\"elementor-element elementor-element-65288b7 elementor-widget elementor-widget-heading\" data-id=\"65288b7\" data-element_type=\"widget\" data-e-type=\"widget\" data-widget_type=\"heading.default\">\n\t\t\t\t<div class=\"elementor-widget-container\">\n\t\t\t\t\t<h4 class=\"elementor-heading-title elementor-size-default\">\u0644. \u062d\u062f\u0627\u062f<\/h4>\t\t\t\t<\/div>\n\t\t\t\t<\/div>\n\t\t\t\t\t<\/div>\n\t\t<\/div>\n\t\t\t\t\t<\/div>\n\t\t<\/section>\n\t\t\t\t\t<\/div>\n\t\t<\/div>\n\t\t\t\t\t<\/div>\n\t\t<\/section>\n\t\t\t\t<section class=\"elementor-section elementor-top-section elementor-element elementor-element-b1a0c96 elementor-section-boxed elementor-section-height-default elementor-section-height-default\" data-id=\"b1a0c96\" data-element_type=\"section\" data-e-type=\"section\" data-settings=\"{&quot;background_background&quot;:&quot;classic&quot;}\">\n\t\t\t\t\t\t<div class=\"elementor-container elementor-column-gap-no\">\n\t\t\t\t\t<div class=\"elementor-column elementor-col-100 elementor-top-column elementor-element elementor-element-f11ce0a\" data-id=\"f11ce0a\" data-element_type=\"column\" data-e-type=\"column\" data-settings=\"{&quot;background_background&quot;:&quot;classic&quot;}\">\n\t\t\t<div class=\"elementor-widget-wrap elementor-element-populated\">\n\t\t\t\t\t\t<div class=\"elementor-element elementor-element-52c9176 elementor-widget elementor-widget-spacer\" data-id=\"52c9176\" data-element_type=\"widget\" data-e-type=\"widget\" data-widget_type=\"spacer.default\">\n\t\t\t\t<div class=\"elementor-widget-container\">\n\t\t\t\t\t\t\t<div class=\"elementor-spacer\">\n\t\t\t<div class=\"elementor-spacer-inner\"><\/div>\n\t\t<\/div>\n\t\t\t\t\t\t<\/div>\n\t\t\t\t<\/div>\n\t\t\t\t\t<\/div>\n\t\t<\/div>\n\t\t\t\t\t<\/div>\n\t\t<\/section>\n\t\t\t\t<\/div>","protected":false},"excerpt":{"rendered":"<p>Politique de qualit\u00e9, de s\u00e9curit\u00e9 et d&rsquo;environnement Le CDE, leader incontest\u00e9 depuis 1967 Au-del\u00e0 des fronti\u00e8res, une histoire \u00e0 hauteur d&rsquo;homme La satisfaction de nos clients, la sant\u00e9 et la s\u00e9curit\u00e9 de nos employ\u00e9s et la pr\u00e9servation de l&rsquo;environnement sont des enjeux majeurs dans la r\u00e9alisation des projets du CONSORTIUM D&rsquo;ENTREPRISES. C&rsquo;est dans cet esprit [&hellip;]<\/p>\n","protected":false},"author":1,"featured_media":0,"parent":0,"menu_order":0,"comment_status":"closed","ping_status":"closed","template":"","meta":{"footnotes":""},"class_list":["post-1231","page","type-page","status-publish","hentry"],"_links":{"self":[{"href":"https:\/\/staging.cde.africa\/ar\/wp-json\/wp\/v2\/pages\/1231","targetHints":{"allow":["GET"]}}],"collection":[{"href":"https:\/\/staging.cde.africa\/ar\/wp-json\/wp\/v2\/pages"}],"about":[{"href":"https:\/\/staging.cde.africa\/ar\/wp-json\/wp\/v2\/types\/page"}],"author":[{"embeddable":true,"href":"https:\/\/staging.cde.africa\/ar\/wp-json\/wp\/v2\/users\/1"}],"replies":[{"embeddable":true,"href":"https:\/\/staging.cde.africa\/ar\/wp-json\/wp\/v2\/comments?post=1231"}],"version-history":[{"count":98,"href":"https:\/\/staging.cde.africa\/ar\/wp-json\/wp\/v2\/pages\/1231\/revisions"}],"predecessor-version":[{"id":5483,"href":"https:\/\/staging.cde.africa\/ar\/wp-json\/wp\/v2\/pages\/1231\/revisions\/5483"}],"wp:attachment":[{"href":"https:\/\/staging.cde.africa\/ar\/wp-json\/wp\/v2\/media?parent=1231"}],"curies":[{"name":"\u0648\u0648\u0631\u062f\u0628\u0631\u064a\u0633","href":"https:\/\/api.w.org\/{rel}","templated":true}]}}