{"id":1137,"date":"2023-09-25T06:01:21","date_gmt":"2023-09-25T06:01:21","guid":{"rendered":"https:\/\/cde-dev.cde.africa\/?page_id=1137"},"modified":"2024-05-30T15:45:13","modified_gmt":"2024-05-30T15:45:13","slug":"cde-societe-panafricaine","status":"publish","type":"page","link":"https:\/\/staging.cde.africa\/ar\/cde-societe-panafricaine\/","title":{"rendered":"CDE \u062c\u0645\u0639\u064a\u0629 \u0639\u0645\u0648\u0645 \u0623\u0641\u0631\u064a\u0642\u064a\u0627"},"content":{"rendered":"<div data-elementor-type=\"wp-page\" data-elementor-id=\"1137\" class=\"elementor elementor-1137\" data-elementor-post-type=\"page\">\n\t\t\t\t\t\t<section class=\"elementor-section elementor-top-section elementor-element elementor-element-0a10dfd elementor-section-boxed elementor-section-height-default elementor-section-height-default\" data-id=\"0a10dfd\" data-element_type=\"section\" data-e-type=\"section\">\n\t\t\t\t\t\t<div class=\"elementor-container elementor-column-gap-no\">\n\t\t\t\t\t<div class=\"elementor-column elementor-col-100 elementor-top-column elementor-element elementor-element-b663f00\" data-id=\"b663f00\" data-element_type=\"column\" data-e-type=\"column\">\n\t\t\t<div class=\"elementor-widget-wrap elementor-element-populated\">\n\t\t\t\t\t\t<div class=\"elementor-element elementor-element-ae58ca2 elementor-widget elementor-widget-heading\" data-id=\"ae58ca2\" data-element_type=\"widget\" data-e-type=\"widget\" data-widget_type=\"heading.default\">\n\t\t\t\t<div class=\"elementor-widget-container\">\n\t\t\t\t\t<h5 class=\"elementor-heading-title elementor-size-default\">\u0634\u0631\u0643\u0629 \u0628\u0627\u0646 \u0623\u0641\u0631\u064a\u0643\u0627\u0646 \u0633\u064a \u062f\u064a \u0625\u064a<\/h5>\t\t\t\t<\/div>\n\t\t\t\t<\/div>\n\t\t\t\t<div class=\"elementor-element elementor-element-f1f711d elementor-widget elementor-widget-heading\" data-id=\"f1f711d\" data-element_type=\"widget\" data-e-type=\"widget\" data-widget_type=\"heading.default\">\n\t\t\t\t<div class=\"elementor-widget-container\">\n\t\t\t\t\t<h1 class=\"elementor-heading-title elementor-size-default\">\u0634\u0631\u0643\u0629  <span class=\"background-text\">\u0639\u0645\u0648\u0645 \u0623\u0641\u0631\u064a\u0642\u064a\u0627<\/span> CDE<\/h1>\t\t\t\t<\/div>\n\t\t\t\t<\/div>\n\t\t\t\t<div class=\"elementor-element elementor-element-d3444d1 elementor-widget elementor-widget-text-editor\" data-id=\"d3444d1\" data-element_type=\"widget\" data-e-type=\"widget\" data-widget_type=\"text-editor.default\">\n\t\t\t\t<div class=\"elementor-widget-container\">\n\t\t\t\t\t\t\t\t\t<p>\u0645\u0627 \u0648\u0631\u0627\u0621 \u0627\u0644\u062d\u062f\u0648\u062f\u060c \u0642\u0635\u0629 \u0639\u0644\u0649 \u0646\u0637\u0627\u0642 \u0625\u0646\u0633\u0627\u0646\u064a<\/p>\t\t\t\t\t\t\t\t<\/div>\n\t\t\t\t<\/div>\n\t\t\t\t<div class=\"elementor-element elementor-element-a6cef30 elementor-widget elementor-widget-image\" data-id=\"a6cef30\" data-element_type=\"widget\" data-e-type=\"widget\" data-widget_type=\"image.default\">\n\t\t\t\t<div class=\"elementor-widget-container\">\n\t\t\t\t\t\t\t\t\t\t\t\t\t\t\t<img fetchpriority=\"high\" decoding=\"async\" width=\"1080\" height=\"559\" src=\"https:\/\/staging.cde.africa\/wp-content\/uploads\/2023\/09\/img_esprit_cde-1.jpg\" class=\"attachment-full size-full wp-image-1160\" alt=\"\" srcset=\"https:\/\/staging.cde.africa\/wp-content\/uploads\/2023\/09\/img_esprit_cde-1.jpg 1080w, https:\/\/staging.cde.africa\/wp-content\/uploads\/2023\/09\/img_esprit_cde-1-300x155.jpg 300w, https:\/\/staging.cde.africa\/wp-content\/uploads\/2023\/09\/img_esprit_cde-1-1024x530.jpg 1024w, https:\/\/staging.cde.africa\/wp-content\/uploads\/2023\/09\/img_esprit_cde-1-768x398.jpg 768w\" sizes=\"(max-width: 1080px) 100vw, 1080px\" \/>\t\t\t\t\t\t\t\t\t\t\t\t\t\t\t<\/div>\n\t\t\t\t<\/div>\n\t\t\t\t<div class=\"elementor-element elementor-element-4b4bcd3 elementor-widget elementor-widget-text-editor\" data-id=\"4b4bcd3\" data-element_type=\"widget\" data-e-type=\"widget\" data-widget_type=\"text-editor.default\">\n\t\t\t\t<div class=\"elementor-widget-container\">\n\t\t\t\t\t\t\t\t\t<p>CDE \u0647\u064a \u0634\u0631\u0643\u0629 \u0645\u062a\u0643\u0627\u0645\u0644\u0629 \u0641\u064a \u062c\u0645\u064a\u0639 \u0627\u0644\u0628\u0644\u062f\u0627\u0646 \u0627\u0644\u062a\u064a \u062a\u0639\u0645\u0644 \u0641\u064a\u0647\u0627. \u062a\u0645 \u0625\u0646\u0634\u0627\u0624\u0647\u0627 \u0648\u0635\u064a\u0627\u0646\u062a\u0647\u0627 \u0628\u0631\u0648\u062d \u0639\u0627\u0626\u0644\u064a\u0629\u060c \u0648\u0643\u0627\u0646\u062a \u062f\u0627\u0626\u0645\u064b\u0627 \u062a\u0633\u062a\u0645\u0639 \u0625\u0644\u0649 \u0639\u0645\u0644\u0627\u0626\u0647\u0627\u060c \u0633\u0648\u0627\u0621 \u0643\u0627\u0646\u0648\u0627 \u0645\u0646 \u0627\u0644\u0642\u0637\u0627\u0639 \u0627\u0644\u0639\u0627\u0645 \u0623\u0648 \u0627\u0644\u062e\u0627\u0635.<br \/>\u0628\u0639\u062f \u0623\u0646 \u0623\u0633\u0633\u062a \u0634\u0631\u0643\u0629 CDE \u0645\u0643\u0627\u0646\u0629 \u0642\u064a\u0627\u062f\u064a\u0629 \u0642\u0648\u064a\u0629 \u0641\u064a \u0642\u0637\u0627\u0639 \u0627\u0644\u0628\u0646\u0627\u0621 \u0641\u064a \u0627\u0644\u0633\u0646\u063a\u0627\u0644\u060c \u0627\u062a\u062c\u0647\u062a \u0627\u0644\u0634\u0631\u0643\u0629 \u0625\u0644\u0649 \u0639\u0645\u0644\u064a\u0627\u062a \u0627\u0644\u0633\u0648\u0642 \u0627\u0644\u062c\u062f\u064a\u062f\u0629 \u0641\u064a \u0623\u0641\u0631\u064a\u0642\u064a\u0627 (\u0633\u0627\u062d\u0644 \u0627\u0644\u0639\u0627\u062c\u060c \u0627\u0644\u0643\u0627\u0645\u064a\u0631\u0648\u0646\u060c \u063a\u064a\u0646\u064a\u0627 \u0643\u0648\u0646\u0627\u0643\u0631\u064a\u060c \u063a\u064a\u0646\u064a\u0627 \u0628\u064a\u0633\u0627\u0648\u060c \u063a\u064a\u0646\u064a\u0627 \u0627\u0644\u0627\u0633\u062a\u0648\u0627\u0626\u064a\u0629\u060c \u0645\u0627\u0644\u064a\u060c \u0627\u0644\u0646\u064a\u062c\u0631\u060c \u062a\u0648\u063a\u0648\u060c \u0625\u0644\u062e) \u0645\u0646 \u0623\u062c\u0644 \u062a\u0646\u0641\u064a\u0630 \u0623\u0639\u0645\u0627\u0644 \u0648\u0627\u0633\u0639\u0629 \u0627\u0644\u0646\u0637\u0627\u0642 \u0648\u0641\u0642\u064b\u0627 \u0644\u0645\u0628\u0627\u062f\u0626\u0647\u0627 \u0627\u0644\u0623\u0633\u0627\u0633\u064a\u0629:<\/p><p><strong>\u0627\u0644\u062a\u0648\u0641\u0631 \u0648\u0627\u0644\u062c\u0648\u062f\u0629 \u0648\u0627\u0644\u0645\u0633\u0624\u0648\u0644\u064a\u0629.<\/strong><\/p><p>\u0644\u0644\u062d\u0641\u0627\u0638 \u0639\u0644\u0649 \u0627\u0644\u0633\u0645\u0639\u0629 \u0627\u0644\u0637\u064a\u0628\u0629 \u0627\u0644\u062a\u064a \u0628\u0646\u062a\u0647\u0627 \u0639\u0644\u0649 \u0645\u0631 \u0627\u0644\u0633\u0646\u064a\u0646\u060c \u062a\u0644\u062a\u0632\u0645 CDE \u0628\u0627\u0644\u062a\u0632\u0627\u0645\u0627\u062a\u0647\u0627 \u0641\u064a\u0645\u0627 \u064a\u062a\u0639\u0644\u0642 \u0628\u0631\u0636\u0627 \u0627\u0644\u0639\u0645\u0644\u0627\u0621\u060c \u0645\u0639 \u062a\u062d\u0633\u064a\u0646 \u0627\u0644\u062c\u0648\u062f\u0629 \u0627\u0644\u062a\u064a \u062a\u0642\u062f\u0645\u0647\u0627 \u0644\u0639\u0645\u0644\u0627\u0626\u0647\u0627 \u0645\u0646 \u0623\u062c\u0644 \u0636\u0645\u0627\u0646 \u0627\u0633\u062a\u062f\u0627\u0645\u062a\u0647\u0627. \u0648\u064a\u062c\u0628 \u0639\u0644\u0649 \u0634\u0631\u0643\u062a\u0646\u0627 \u0623\u0646 \u062a\u0633\u062a\u0645\u0631 \u0641\u064a \u0627\u0644\u0628\u062d\u062b \u0639\u0646 \u0627\u0644\u0627\u0628\u062a\u0643\u0627\u0631 \u0648\u0627\u0644\u0623\u062f\u0627\u0621 \u0645\u0646 \u0623\u062c\u0644 \u0627\u0644\u062d\u0641\u0627\u0638 \u0639\u0644\u0649 \u0647\u0630\u0627 \u0627\u0644\u062a\u0631\u0627\u062b \u0627\u0644\u062b\u0645\u064a\u0646 \u0644\u0644\u0623\u062c\u064a\u0627\u0644 \u0627\u0644\u0642\u0627\u062f\u0645\u0629.<\/p>\t\t\t\t\t\t\t\t<\/div>\n\t\t\t\t<\/div>\n\t\t\t\t<section class=\"elementor-section elementor-inner-section elementor-element elementor-element-ae6b9a3 elementor-section-boxed elementor-section-height-default elementor-section-height-default\" data-id=\"ae6b9a3\" data-element_type=\"section\" data-e-type=\"section\">\n\t\t\t\t\t\t<div class=\"elementor-container elementor-column-gap-no\">\n\t\t\t\t\t<div class=\"elementor-column elementor-col-100 elementor-inner-column elementor-element elementor-element-2783360\" data-id=\"2783360\" data-element_type=\"column\" data-e-type=\"column\">\n\t\t\t<div class=\"elementor-widget-wrap elementor-element-populated\">\n\t\t\t\t\t\t<div class=\"elementor-element elementor-element-58ba306 elementor-widget__width-initial elementor-widget elementor-widget-text-editor\" data-id=\"58ba306\" data-element_type=\"widget\" data-e-type=\"widget\" data-widget_type=\"text-editor.default\">\n\t\t\t\t<div class=\"elementor-widget-container\">\n\t\t\t\t\t\t\t\t\t<p>\u0645\u0639 \u0623\u0643\u062b\u0631 \u0645\u0646 2500<strong>\u00a0\u0627\u0644\u0645\u0648\u0638\u0641\u064a\u0646\u060c<\/strong> \u062d\u0642\u0642\u062a \u0634\u0631\u0643\u0629 CDE \u0645\u0628\u064a\u0639\u0627\u062a \u0628\u0644\u063a\u062a \u0623\u0643\u062b\u0631 \u0645\u0646 46<strong>\u00a0\u0645\u0644\u064a\u0627\u0631\u0627\u062a \u0645\u0646<\/strong> \u0627\u0644\u0641\u0631\u0646\u0643 \u0627\u0644\u0623\u0641\u0631\u064a\u0642\u064a \u0641\u064a \u0639\u0627\u0645 2023.<\/p>\t\t\t\t\t\t\t\t<\/div>\n\t\t\t\t<\/div>\n\t\t\t\t\t<\/div>\n\t\t<\/div>\n\t\t\t\t\t<\/div>\n\t\t<\/section>\n\t\t\t\t\t<\/div>\n\t\t<\/div>\n\t\t\t\t\t<\/div>\n\t\t<\/section>\n\t\t\t\t<section class=\"elementor-section elementor-top-section elementor-element elementor-element-5bc02ff elementor-section-boxed elementor-section-height-default elementor-section-height-default\" data-id=\"5bc02ff\" data-element_type=\"section\" data-e-type=\"section\" data-settings=\"{&quot;background_background&quot;:&quot;classic&quot;}\">\n\t\t\t\t\t\t<div class=\"elementor-container elementor-column-gap-no\">\n\t\t\t\t\t<div class=\"elementor-column elementor-col-100 elementor-top-column elementor-element elementor-element-50a0da1\" data-id=\"50a0da1\" data-element_type=\"column\" data-e-type=\"column\">\n\t\t\t<div class=\"elementor-widget-wrap elementor-element-populated\">\n\t\t\t\t\t\t<div class=\"elementor-element elementor-element-4e6e808 elementor-widget__width-auto elementor-widget-mobile__width-inherit elementor-widget elementor-widget-text-editor\" data-id=\"4e6e808\" data-element_type=\"widget\" data-e-type=\"widget\" data-widget_type=\"text-editor.default\">\n\t\t\t\t<div class=\"elementor-widget-container\">\n\t\t\t\t\t\t\t\t\t<p>CDE\u060c \u0634\u0631\u0643\u0629 \u0645\u0639\u062a\u0645\u062f\u0629<\/p>\t\t\t\t\t\t\t\t<\/div>\n\t\t\t\t<\/div>\n\t\t\t\t<div class=\"elementor-element elementor-element-364221f elementor-widget__width-auto elementor-widget elementor-widget-image\" data-id=\"364221f\" data-element_type=\"widget\" data-e-type=\"widget\" data-widget_type=\"image.default\">\n\t\t\t\t<div class=\"elementor-widget-container\">\n\t\t\t\t\t\t\t\t\t\t\t\t\t\t\t<img decoding=\"async\" width=\"309\" height=\"160\" src=\"https:\/\/staging.cde.africa\/wp-content\/uploads\/2023\/09\/ISO_IMG.png\" class=\"attachment-full size-full wp-image-1215\" alt=\"\" srcset=\"https:\/\/staging.cde.africa\/wp-content\/uploads\/2023\/09\/ISO_IMG.png 309w, https:\/\/staging.cde.africa\/wp-content\/uploads\/2023\/09\/ISO_IMG-300x155.png 300w\" sizes=\"(max-width: 309px) 100vw, 309px\" \/>\t\t\t\t\t\t\t\t\t\t\t\t\t\t\t<\/div>\n\t\t\t\t<\/div>\n\t\t\t\t\t<\/div>\n\t\t<\/div>\n\t\t\t\t\t<\/div>\n\t\t<\/section>\n\t\t\t\t<section class=\"elementor-section elementor-top-section elementor-element elementor-element-358020f elementor-section-boxed elementor-section-height-default elementor-section-height-default\" data-id=\"358020f\" data-element_type=\"section\" data-e-type=\"section\">\n\t\t\t\t\t\t<div class=\"elementor-container elementor-column-gap-no\">\n\t\t\t\t\t<div class=\"elementor-column elementor-col-100 elementor-top-column elementor-element elementor-element-f829a47\" data-id=\"f829a47\" data-element_type=\"column\" data-e-type=\"column\">\n\t\t\t<div class=\"elementor-widget-wrap elementor-element-populated\">\n\t\t\t\t\t\t<div class=\"elementor-element elementor-element-1a9173c elementor-widget elementor-widget-spacer\" data-id=\"1a9173c\" data-element_type=\"widget\" data-e-type=\"widget\" data-widget_type=\"spacer.default\">\n\t\t\t\t<div class=\"elementor-widget-container\">\n\t\t\t\t\t\t\t<div class=\"elementor-spacer\">\n\t\t\t<div class=\"elementor-spacer-inner\"><\/div>\n\t\t<\/div>\n\t\t\t\t\t\t<\/div>\n\t\t\t\t<\/div>\n\t\t\t\t\t<\/div>\n\t\t<\/div>\n\t\t\t\t\t<\/div>\n\t\t<\/section>\n\t\t\t\t<\/div>","protected":false},"excerpt":{"rendered":"<p>Compagnie panafricaine CDE Compagnie panafricaine CDE Au-del\u00e0 des fronti\u00e8res, une histoire \u00e0 hauteur d&rsquo;homme La CDE est une entreprise int\u00e9gr\u00e9e dans tous les pays o\u00f9 elle est pr\u00e9sente. Cr\u00e9\u00e9e et maintenue dans un esprit familial, elle a toujours \u00e9t\u00e9 \u00e0 l&rsquo;\u00e9coute de ses clients, qu&rsquo;ils soient du secteur public ou priv\u00e9.Apr\u00e8s avoir \u00e9tabli une forte [&hellip;]<\/p>\n","protected":false},"author":1,"featured_media":0,"parent":0,"menu_order":0,"comment_status":"closed","ping_status":"closed","template":"","meta":{"footnotes":""},"class_list":["post-1137","page","type-page","status-publish","hentry"],"_links":{"self":[{"href":"https:\/\/staging.cde.africa\/ar\/wp-json\/wp\/v2\/pages\/1137","targetHints":{"allow":["GET"]}}],"collection":[{"href":"https:\/\/staging.cde.africa\/ar\/wp-json\/wp\/v2\/pages"}],"about":[{"href":"https:\/\/staging.cde.africa\/ar\/wp-json\/wp\/v2\/types\/page"}],"author":[{"embeddable":true,"href":"https:\/\/staging.cde.africa\/ar\/wp-json\/wp\/v2\/users\/1"}],"replies":[{"embeddable":true,"href":"https:\/\/staging.cde.africa\/ar\/wp-json\/wp\/v2\/comments?post=1137"}],"version-history":[{"count":146,"href":"https:\/\/staging.cde.africa\/ar\/wp-json\/wp\/v2\/pages\/1137\/revisions"}],"predecessor-version":[{"id":6448,"href":"https:\/\/staging.cde.africa\/ar\/wp-json\/wp\/v2\/pages\/1137\/revisions\/6448"}],"wp:attachment":[{"href":"https:\/\/staging.cde.africa\/ar\/wp-json\/wp\/v2\/media?parent=1137"}],"curies":[{"name":"\u0648\u0648\u0631\u062f\u0628\u0631\u064a\u0633","href":"https:\/\/api.w.org\/{rel}","templated":true}]}}